{"id":166,"date":"2021-06-16T10:46:10","date_gmt":"2021-06-16T10:46:10","guid":{"rendered":"https:\/\/baix.ugtficapp.cat\/?page_id=166"},"modified":"2021-06-17T10:16:10","modified_gmt":"2021-06-17T10:16:10","slug":"contacta","status":"publish","type":"page","link":"https:\/\/baix.ugtficapp.cat\/index.php\/contacta\/","title":{"rendered":"Contacta"},"content":{"rendered":"\t\t<div data-elementor-type=\"wp-page\" data-elementor-id=\"166\" class=\"elementor elementor-166\" data-elementor-post-type=\"page\">\n\t\t\t\t\t\t<section class=\"elementor-section elementor-top-section elementor-element elementor-element-256933b elementor-section-boxed elementor-section-height-default elementor-section-height-default\" data-id=\"256933b\" data-element_type=\"section\">\n\t\t\t\t\t\t<div class=\"elementor-container elementor-column-gap-default\">\n\t\t\t\t\t<div class=\"elementor-column elementor-col-100 elementor-top-column elementor-element elementor-element-7691f8d\" data-id=\"7691f8d\" data-element_type=\"column\">\n\t\t\t<div class=\"elementor-widget-wrap elementor-element-populated\">\n\t\t\t\t\t\t<div class=\"elementor-element elementor-element-8216f9a elementor-widget elementor-widget-text-editor\" data-id=\"8216f9a\" data-element_type=\"widget\" data-widget_type=\"text-editor.default\">\n\t\t\t\t<div class=\"elementor-widget-container\">\n\t\t\t\t\t\t\t\t\t<p>.. aqu\u00ed miembros de ejecutiva y dem\u00e1s &#8230; cargos, colaboradores \u00f3 lo que se determine\u00a0<\/p>\t\t\t\t\t\t\t\t<\/div>\n\t\t\t\t<\/div>\n\t\t\t\t\t<\/div>\n\t\t<\/div>\n\t\t\t\t\t<\/div>\n\t\t<\/section>\n\t\t\t\t<section class=\"elementor-section elementor-top-section elementor-element elementor-element-6c34362 elementor-section-boxed elementor-section-height-default elementor-section-height-default\" data-id=\"6c34362\" data-element_type=\"section\">\n\t\t\t\t\t\t<div class=\"elementor-container elementor-column-gap-default\">\n\t\t\t\t\t<div class=\"elementor-column elementor-col-100 elementor-top-column elementor-element elementor-element-b073225\" data-id=\"b073225\" data-element_type=\"column\">\n\t\t\t<div class=\"elementor-widget-wrap elementor-element-populated\">\n\t\t\t\t\t\t<div class=\"elementor-element elementor-element-dccaf00 elementor-widget elementor-widget-google_maps\" data-id=\"dccaf00\" data-element_type=\"widget\" data-widget_type=\"google_maps.default\">\n\t\t\t\t<div class=\"elementor-widget-container\">\n\t\t\t\t\t\t\t<div class=\"elementor-custom-embed\">\n\t\t\t<iframe loading=\"lazy\"\n\t\t\t\t\tsrc=\"https:\/\/maps.google.com\/maps?q=Carrer%20del%20Revolt%20Negre%2C%2012%2C%2008940%20Cornell%C3%A0%20de%20Llobregat%2C%20Barcelona%20UGT&#038;t=m&#038;z=10&#038;output=embed&#038;iwloc=near\"\n\t\t\t\t\ttitle=\"Carrer del Revolt Negre, 12, 08940 Cornell\u00e0 de Llobregat, Barcelona UGT\"\n\t\t\t\t\taria-label=\"Carrer del Revolt Negre, 12, 08940 Cornell\u00e0 de Llobregat, Barcelona UGT\"\n\t\t\t><\/iframe>\n\t\t<\/div>\n\t\t\t\t\t\t<\/div>\n\t\t\t\t<\/div>\n\t\t\t\t\t<\/div>\n\t\t<\/div>\n\t\t\t\t\t<\/div>\n\t\t<\/section>\n\t\t\t\t<section class=\"elementor-section elementor-top-section elementor-element elementor-element-a750fd5 elementor-section-boxed elementor-section-height-default elementor-section-height-default\" data-id=\"a750fd5\" data-element_type=\"section\">\n\t\t\t\t\t\t<div class=\"elementor-container elementor-column-gap-default\">\n\t\t\t\t\t<div class=\"elementor-column elementor-col-100 elementor-top-column elementor-element elementor-element-964361f\" data-id=\"964361f\" data-element_type=\"column\">\n\t\t\t<div class=\"elementor-widget-wrap elementor-element-populated\">\n\t\t\t\t\t\t<div class=\"elementor-element elementor-element-2101482 elementor-widget elementor-widget-text-editor\" data-id=\"2101482\" data-element_type=\"widget\" data-widget_type=\"text-editor.default\">\n\t\t\t\t<div class=\"elementor-widget-container\">\n\t\t\t\t\t\t\t\t\t<p>Carrer del Revolt Negre, 12, 08940 Cornell\u00e0 de Llobregat, Barcelona\u00a0\u00a0<\/p><p><a href=\"tel:932619135\"><img decoding=\"async\" class=\"wp-image-3691 alignnone lazyloaded\" src=\"http:\/\/www.ccoo.cat\/wp-content\/uploads\/2020\/12\/icon-llamada.svg\" sizes=\"(max-width: 12px) 100vw, 12px\" srcset=\"https:\/\/www.ccoo.cat\/wp-content\/uploads\/\/2020\/12\/icon-llamada.svg 150w, https:\/\/www.ccoo.cat\/wp-content\/uploads\/\/2020\/12\/icon-llamada.svg 300w, https:\/\/www.ccoo.cat\/wp-content\/uploads\/\/2020\/12\/icon-llamada.svg 1024w, https:\/\/www.ccoo.cat\/wp-content\/uploads\/\/2020\/12\/icon-llamada.svg 16w\" alt=\"\" width=\"12\" height=\"12\" data-ll-status=\"loaded\" \/>\u00a0<span style=\"color: #333333;\">Truca\u2019ns (932619135)<\/span><\/a><\/p>\t\t\t\t\t\t\t\t<\/div>\n\t\t\t\t<\/div>\n\t\t\t\t\t<\/div>\n\t\t<\/div>\n\t\t\t\t\t<\/div>\n\t\t<\/section>\n\t\t\t\t<section class=\"elementor-section elementor-top-section elementor-element elementor-element-d1af5f2 elementor-section-boxed elementor-section-height-default elementor-section-height-default\" data-id=\"d1af5f2\" data-element_type=\"section\">\n\t\t\t\t\t\t<div class=\"elementor-container elementor-column-gap-default\">\n\t\t\t\t\t<div class=\"elementor-column elementor-col-100 elementor-top-column elementor-element elementor-element-d60921a\" data-id=\"d60921a\" data-element_type=\"column\">\n\t\t\t<div class=\"elementor-widget-wrap elementor-element-populated\">\n\t\t\t\t\t\t<div class=\"elementor-element elementor-element-b243156 elementor-button-align-stretch elementor-widget elementor-widget-form\" data-id=\"b243156\" data-element_type=\"widget\" data-settings=\"{&quot;step_next_label&quot;:&quot;Next&quot;,&quot;step_previous_label&quot;:&quot;Previous&quot;,&quot;button_width&quot;:&quot;100&quot;,&quot;step_type&quot;:&quot;number_text&quot;,&quot;step_icon_shape&quot;:&quot;circle&quot;}\" data-widget_type=\"form.default\">\n\t\t\t\t<div class=\"elementor-widget-container\">\n\t\t\t\t\t\t\t<form class=\"elementor-form\" method=\"post\" name=\"Contacta Baix\">\n\t\t\t<input type=\"hidden\" name=\"post_id\" value=\"166\"\/>\n\t\t\t<input type=\"hidden\" name=\"form_id\" value=\"b243156\"\/>\n\t\t\t<input type=\"hidden\" name=\"referer_title\" value=\"Contacta\" \/>\n\n\t\t\t\t\t\t\t<input type=\"hidden\" name=\"queried_id\" value=\"166\"\/>\n\t\t\t\n\t\t\t<div class=\"elementor-form-fields-wrapper elementor-labels-above\">\n\t\t\t\t\t\t\t\t<div class=\"elementor-field-type-text elementor-field-group elementor-column elementor-field-group-name elementor-col-100 elementor-field-required elementor-mark-required\">\n\t\t\t\t\t\t\t\t\t\t\t\t<label for=\"form-field-name\" class=\"elementor-field-label\">\n\t\t\t\t\t\t\t\tNom\t\t\t\t\t\t\t<\/label>\n\t\t\t\t\t\t\t\t\t\t\t\t\t\t<input size=\"1\" type=\"text\" name=\"form_fields[name]\" id=\"form-field-name\" class=\"elementor-field elementor-size-sm  elementor-field-textual\" placeholder=\"Nom\" required=\"required\">\n\t\t\t\t\t\t\t\t\t\t\t<\/div>\n\t\t\t\t\t\t\t\t<div class=\"elementor-field-type-email elementor-field-group elementor-column elementor-field-group-email elementor-col-100 elementor-field-required elementor-mark-required\">\n\t\t\t\t\t\t\t\t\t\t\t\t<label for=\"form-field-email\" class=\"elementor-field-label\">\n\t\t\t\t\t\t\t\tEmail\t\t\t\t\t\t\t<\/label>\n\t\t\t\t\t\t\t\t\t\t\t\t\t\t<input size=\"1\" type=\"email\" name=\"form_fields[email]\" id=\"form-field-email\" class=\"elementor-field elementor-size-sm  elementor-field-textual\" placeholder=\"Email\" required=\"required\">\n\t\t\t\t\t\t\t\t\t\t\t<\/div>\n\t\t\t\t\t\t\t\t<div class=\"elementor-field-type-textarea elementor-field-group elementor-column elementor-field-group-message elementor-col-100 elementor-field-required elementor-mark-required\">\n\t\t\t\t\t\t\t\t\t\t\t\t<label for=\"form-field-message\" class=\"elementor-field-label\">\n\t\t\t\t\t\t\t\tMissatge\t\t\t\t\t\t\t<\/label>\n\t\t\t\t\t\t<textarea class=\"elementor-field-textual elementor-field  elementor-size-sm\" name=\"form_fields[message]\" id=\"form-field-message\" rows=\"4\" placeholder=\"Missatge\" required=\"required\"><\/textarea>\t\t\t\t<\/div>\n\t\t\t\t\t\t\t\t<div class=\"elementor-field-group elementor-column elementor-field-type-submit elementor-col-100 e-form__buttons\">\n\t\t\t\t\t<button class=\"elementor-button elementor-size-sm\" type=\"submit\">\n\t\t\t\t\t\t<span class=\"elementor-button-content-wrapper\">\n\t\t\t\t\t\t\t\t\t\t\t\t\t\t\t<span class=\"elementor-button-icon\">\n\t\t\t\t\t\t\t\t\t<i aria-hidden=\"true\" class=\"fas fa-angle-right\"><\/i>\t\t\t\t\t\t\t\t\t\t\t\t\t\t\t\t\t<\/span>\n\t\t\t\t\t\t\t\t\t\t\t\t\t\t\t\t\t\t\t\t\t\t<span class=\"elementor-button-text\">Enviar<\/span>\n\t\t\t\t\t\t\t\t\t\t\t\t\t<\/span>\n\t\t\t\t\t<\/button>\n\t\t\t\t<\/div>\n\t\t\t<\/div>\n\t\t<\/form>\n\t\t\t\t\t\t<\/div>\n\t\t\t\t<\/div>\n\t\t\t\t\t<\/div>\n\t\t<\/div>\n\t\t\t\t\t<\/div>\n\t\t<\/section>\n\t\t\t\t<\/div>\n\t\t","protected":false},"excerpt":{"rendered":"<p>.. aqu\u00ed miembros de ejecutiva y dem\u00e1s &#8230; cargos, colaboradores \u00f3 lo que se determine&nbsp; Carrer del Revolt Negre, 12, 08940 Cornell\u00e0 de Llobregat, Barcelona&nbsp;&nbsp; &nbsp;Truca\u2019ns (932619135)<\/p>\n","protected":false},"author":1,"featured_media":0,"parent":0,"menu_order":0,"comment_status":"closed","ping_status":"closed","template":"","meta":{"footnotes":""},"class_list":["post-166","page","type-page","status-publish","hentry"],"_links":{"self":[{"href":"https:\/\/baix.ugtficapp.cat\/index.php\/wp-json\/wp\/v2\/pages\/166","targetHints":{"allow":["GET"]}}],"collection":[{"href":"https:\/\/baix.ugtficapp.cat\/index.php\/wp-json\/wp\/v2\/pages"}],"about":[{"href":"https:\/\/baix.ugtficapp.cat\/index.php\/wp-json\/wp\/v2\/types\/page"}],"author":[{"embeddable":true,"href":"https:\/\/baix.ugtficapp.cat\/index.php\/wp-json\/wp\/v2\/users\/1"}],"replies":[{"embeddable":true,"href":"https:\/\/baix.ugtficapp.cat\/index.php\/wp-json\/wp\/v2\/comments?post=166"}],"version-history":[{"count":14,"href":"https:\/\/baix.ugtficapp.cat\/index.php\/wp-json\/wp\/v2\/pages\/166\/revisions"}],"predecessor-version":[{"id":257,"href":"https:\/\/baix.ugtficapp.cat\/index.php\/wp-json\/wp\/v2\/pages\/166\/revisions\/257"}],"wp:attachment":[{"href":"https:\/\/baix.ugtficapp.cat\/index.php\/wp-json\/wp\/v2\/media?parent=166"}],"curies":[{"name":"wp","href":"https:\/\/api.w.org\/{rel}","templated":true}]}}